{"id":317,"date":"2012-08-02T19:44:30","date_gmt":"2012-08-02T17:44:30","guid":{"rendered":"http:\/\/occ.multi-project.de\/?page_id=317"},"modified":"2012-08-14T23:11:33","modified_gmt":"2012-08-14T21:11:33","slug":"lifo-methode","status":"publish","type":"page","link":"https:\/\/occ.multi-project.de\/?page_id=317","title":{"rendered":"LIFO\u00ae Methode"},"content":{"rendered":"<p>Als lizensierte LIFO\u00ae-Analystin verwende ich die\u00a0LIFO\u00ae Methode, wenn es wichtig ist, Verhalten und menschliche Interaktion besprechbar zu machen, gleiches Verst\u00e4ndnis \u00fcber die beobachteten Verhaltensweisen herzustellen sowie Aktionen und Reaktionen zwischen Menschen zu bearbeiten.<\/p>\n<p>Wenn ein Mensch ein anderes Denken, Verhalten oder Handeln zeigt, als es mir bekannt ist, so ist er deswegen kein schlechter Mensch oder wom\u00f6glich mein Feind. Betrachten Sie Menschen mit anderem Verhaltensstil als Erg\u00e4nzung zu sich selbst. Zusammen verf\u00fcgen Sie \u00fcber weit mehr M\u00f6glichkeiten, mit Situationen und Herausforderungen umzugehen.<\/p>\n<p>Das ist insbesondere f\u00fcr Management-, Projekt- oder Mitarbeiterteams von gro\u00dfer Bedeutung.<\/p>\n<p>Die LIFO\u00ae-Methode erm\u00f6glicht es jedem einzelnen oder auch Gruppen, die eigenen Verhaltensstile kennenzulernen, bereits vorhandene, aber schw\u00e4cher ausgepr\u00e4gte Verhaltensstile weiterzuentwickeln und mit ihnen umzugehen. Das Ziel ist, jeden einzelnen der Verhaltensstile situationsgerecht und effizient einzusetzen.<\/p>\n<p><img loading=\"lazy\" decoding=\"async\" class=\"alignleft  wp-image-322\" title=\"LIFO-Grundsstile\" src=\"https:\/\/occ.multi-project.de\/wordpress\/wp-content\/uploads\/LIFO-Stile.jpg\" alt=\"\" width=\"744\" height=\"569\" srcset=\"https:\/\/occ.multi-project.de\/wordpress\/wp-content\/uploads\/LIFO-Stile.jpg 827w, https:\/\/occ.multi-project.de\/wordpress\/wp-content\/uploads\/LIFO-Stile-150x114.jpg 150w, https:\/\/occ.multi-project.de\/wordpress\/wp-content\/uploads\/LIFO-Stile-300x229.jpg 300w\" sizes=\"auto, (max-width: 744px) 100vw, 744px\" \/><\/p>\n<p>&nbsp;<\/p>\n<p>Weitere Informationen zur LIFO\u00ae Methode finden Sie bei <a href=\"http:\/\/www.lifoproducts.de\/artikel.php?rub=methode&amp;id=16\" target=\"_blank\">LIFO<sup>\u00ae<\/sup> PRODUCTS &amp; CONSULTING<\/a> und bei <a href=\"http:\/\/www.lifo.co\/\" target=\"_blank\">The Schutz Company<\/a>.<\/p>\n<p>LIFO\u00ae ist ein eingetragenes Warenzeichen der Business Consultants, Inc. Tokyo\/Japan<\/p>\n","protected":false},"excerpt":{"rendered":"<p>Als lizensierte LIFO\u00ae-Analystin verwende ich die\u00a0LIFO\u00ae Methode, wenn es wichtig ist, Verhalten und menschliche Interaktion besprechbar zu machen, gleiches Verst\u00e4ndnis \u00fcber die beobachteten Verhaltensweisen herzustellen sowie Aktionen und Reaktionen zwischen Menschen zu bearbeiten. Wenn ein Mensch ein anderes Denken, Verhalten &hellip; <a href=\"https:\/\/occ.multi-project.de\/?page_id=317\">Weiterlesen <span class=\"meta-nav\">&rarr;<\/span><\/a><\/p>\n","protected":false},"author":1,"featured_media":0,"parent":0,"menu_order":0,"comment_status":"closed","ping_status":"closed","template":"","meta":{"footnotes":""},"class_list":["post-317","page","type-page","status-publish","hentry"],"jetpack_sharing_enabled":true,"_links":{"self":[{"href":"https:\/\/occ.multi-project.de\/index.php?rest_route=\/wp\/v2\/pages\/317","targetHints":{"allow":["GET"]}}],"collection":[{"href":"https:\/\/occ.multi-project.de\/index.php?rest_route=\/wp\/v2\/pages"}],"about":[{"href":"https:\/\/occ.multi-project.de\/index.php?rest_route=\/wp\/v2\/types\/page"}],"author":[{"embeddable":true,"href":"https:\/\/occ.multi-project.de\/index.php?rest_route=\/wp\/v2\/users\/1"}],"replies":[{"embeddable":true,"href":"https:\/\/occ.multi-project.de\/index.php?rest_route=%2Fwp%2Fv2%2Fcomments&post=317"}],"version-history":[{"count":8,"href":"https:\/\/occ.multi-project.de\/index.php?rest_route=\/wp\/v2\/pages\/317\/revisions"}],"predecessor-version":[{"id":321,"href":"https:\/\/occ.multi-project.de\/index.php?rest_route=\/wp\/v2\/pages\/317\/revisions\/321"}],"wp:attachment":[{"href":"https:\/\/occ.multi-project.de\/index.php?rest_route=%2Fwp%2Fv2%2Fmedia&parent=317"}],"curies":[{"name":"wp","href":"https:\/\/api.w.org\/{rel}","templated":true}]}}