{"id":28,"date":"2012-06-14T14:23:43","date_gmt":"2012-06-14T14:23:43","guid":{"rendered":"http:\/\/occ.multi-project.de\/wordpress\/?page_id=28"},"modified":"2012-08-15T00:04:18","modified_gmt":"2012-08-14T22:04:18","slug":"coaching","status":"publish","type":"page","link":"https:\/\/occ.multi-project.de\/?page_id=28","title":{"rendered":"Coaching"},"content":{"rendered":"<h5>\u00a0Coaching ist in meinem Verst\u00e4ndnis<\/h5>\n<ul>\n<li>vertraulich<\/li>\n<li>pragmatisch<\/li>\n<li>begleitend<\/li>\n<li>vereinbart<\/li>\n<li>endlich<\/li>\n<li>klares Feedback<\/li>\n<li>scharfer Dialog<\/li>\n<\/ul>\n<h5>Erwartungen an mich als Coach<\/h5>\n<ul>\n<li>Ich bin engagiert, mit all meinen Facetten und Partner meines Coachees.<\/li>\n<li>Ich bin gut vorbereitet auf das bevorstehende Gespr\u00e4ch und w\u00e4hrend des Gespr\u00e4ches voll konzentriert.<\/li>\n<li>Ich bin mir meiner Grenzen bewu\u00dft.<\/li>\n<li>Ich suche bewu\u00dft die Supervision, um mir meine unverstellte Konzentration zu erhalten.<\/li>\n<li>Ich lehne Coaching-Auftr\u00e4ge auch ab, da ich nicht jeden und jedes Thema coache.<\/li>\n<\/ul>\n<h5>Der Start<\/h5>\n<p>Zu Beginn geh\u00f6rt eine sorgf\u00e4ltige Bestandsaufnahme im ersten Gespr\u00e4ch zur Schaffung einer vertrauensvollen Zusammenarbeit. Dann schlie\u00dft sich, am Ende des ersten Gespr\u00e4ches, die Vereinbarung eines Coaching-Auftrages mittels des Coaching-Vertrages mit definierten Zielen an.<\/p>\n","protected":false},"excerpt":{"rendered":"<p>\u00a0Coaching ist in meinem Verst\u00e4ndnis vertraulich pragmatisch begleitend vereinbart endlich klares Feedback scharfer Dialog Erwartungen an mich als Coach Ich bin engagiert, mit all meinen Facetten und Partner meines Coachees. Ich bin gut vorbereitet auf das bevorstehende Gespr\u00e4ch und w\u00e4hrend &hellip; <a href=\"https:\/\/occ.multi-project.de\/?page_id=28\">Weiterlesen <span class=\"meta-nav\">&rarr;<\/span><\/a><\/p>\n","protected":false},"author":1,"featured_media":0,"parent":0,"menu_order":3,"comment_status":"closed","ping_status":"closed","template":"","meta":{"footnotes":""},"class_list":["post-28","page","type-page","status-publish","hentry"],"jetpack_sharing_enabled":true,"_links":{"self":[{"href":"https:\/\/occ.multi-project.de\/index.php?rest_route=\/wp\/v2\/pages\/28","targetHints":{"allow":["GET"]}}],"collection":[{"href":"https:\/\/occ.multi-project.de\/index.php?rest_route=\/wp\/v2\/pages"}],"about":[{"href":"https:\/\/occ.multi-project.de\/index.php?rest_route=\/wp\/v2\/types\/page"}],"author":[{"embeddable":true,"href":"https:\/\/occ.multi-project.de\/index.php?rest_route=\/wp\/v2\/users\/1"}],"replies":[{"embeddable":true,"href":"https:\/\/occ.multi-project.de\/index.php?rest_route=%2Fwp%2Fv2%2Fcomments&post=28"}],"version-history":[{"count":10,"href":"https:\/\/occ.multi-project.de\/index.php?rest_route=\/wp\/v2\/pages\/28\/revisions"}],"predecessor-version":[{"id":257,"href":"https:\/\/occ.multi-project.de\/index.php?rest_route=\/wp\/v2\/pages\/28\/revisions\/257"}],"wp:attachment":[{"href":"https:\/\/occ.multi-project.de\/index.php?rest_route=%2Fwp%2Fv2%2Fmedia&parent=28"}],"curies":[{"name":"wp","href":"https:\/\/api.w.org\/{rel}","templated":true}]}}