{"id":171,"date":"2012-07-24T19:32:36","date_gmt":"2012-07-24T17:32:36","guid":{"rendered":"http:\/\/occ.multi-project.de\/?page_id=171"},"modified":"2012-08-14T23:53:08","modified_gmt":"2012-08-14T21:53:08","slug":"projektcoaching","status":"publish","type":"page","link":"https:\/\/occ.multi-project.de\/?page_id=171","title":{"rendered":"Projektcoaching"},"content":{"rendered":"<blockquote><p>Betrachten Sie ein eingeschworenes Team, das bereit und willens ist, ein neues Projekt in Angriff zu nehmen, als eines der Projektergebnisse. &#8211; gelesen in Mr. Tompkins&#8216; Tagebuch aus &#8222;Der Termin. Ein Roman \u00fcber Projektmanagement&#8220; von Tom DeMarco<\/p><\/blockquote>\n<p>Es gibt viele kluge Gedanken zu diesem Thema. Studien, die die Gr\u00fcnde aufzeigen und belegen, weshalb Projekte scheitern, keine oder falsche Ergebnisse bringen. Und wenn sie die richtigen Ergebnisse bringen, am Ende mehr kosten als nutzen.<\/p>\n<p>Projektmanagement ist weit mehr als standardisierte Prozesse, es sind die Menschen, die Projekte (&#8222;im wesentlichen durch die Einmaligkeit der Bedingungen in ihrer Gesamtheit gekennzeichnet&#8220; aus DIN\u00a069901) bzw. deren Produkte zu etwas Einmaligen werden lassen. Menschen lassen sich weder standardisieren, noch denken sie unter Druck schneller.<\/p>\n<p>Ein Projekt zu managen, bedeutet unter extremen Bedingungen zu arbeiten und zu f\u00fchren. Ein unerfahrener Projektmanager sieht sich einer Vielzahl von Fragen gegen\u00fcber, die er mit seinen Bordmitteln nur schwer l\u00f6sen kann. Bisherige Fertigkeiten als Experte lassen sich schwerlich auf die neue Aufgabe als Projektmanager transferieren und verleiten dazu, im Team mitzuarbeiten, anstatt sich den neuen Aufgaben zu stellen. Methodenausbildung und Zertifizierung sind hilfreich, die notwendigen Erfahrungen jedoch erlangt man in der Praxis.<\/p>\n<p>Projektcoaching begleitet und unterst\u00fctzt dabei, in die neue Rolle hinzuwachsen; schafft den n\u00f6tigen Raum zur Reflektion; bietet \u00fcber das Feedback die M\u00f6glichkeit, sich andere Sicht- und Handlungsweisen zu erschlie\u00dfen. Ein Projektcoach ist Sparringspartner, ber\u00e4t und unterst\u00fctzt bei Engp\u00e4ssen und Problemen. Die Intensit\u00e4t orientiert sich an den pers\u00f6nlichen Erfordernissen und variiert, von dauerhaft w\u00e4hrend des Projektstartes oder in bestimmten Projektphasen bis hin zu klassischen Coachings im mehrw\u00f6chigen Turnus.<\/p>\n<p>&nbsp;<\/p>\n<p><span style=\"color: #8b0000;\">Bitte lassen Sie mich wissen, wenn Sie sich \u00fcber die M\u00f6glichkeiten zur Verwendung von Projektcoaching in Ihrem Unternehmen weiter informieren m\u00f6chten. Gerne unterst\u00fctze ich Sie dabei auch in der praktischen Umsetzung.<br \/>\n<\/span><\/p>\n","protected":false},"excerpt":{"rendered":"<p>Betrachten Sie ein eingeschworenes Team, das bereit und willens ist, ein neues Projekt in Angriff zu nehmen, als eines der Projektergebnisse. &#8211; gelesen in Mr. Tompkins&#8216; Tagebuch aus &#8222;Der Termin. Ein Roman \u00fcber Projektmanagement&#8220; von Tom DeMarco Es gibt viele &hellip; <a href=\"https:\/\/occ.multi-project.de\/?page_id=171\">Weiterlesen <span class=\"meta-nav\">&rarr;<\/span><\/a><\/p>\n","protected":false},"author":1,"featured_media":0,"parent":80,"menu_order":1,"comment_status":"closed","ping_status":"open","template":"","meta":{"footnotes":""},"class_list":["post-171","page","type-page","status-publish","hentry"],"jetpack_sharing_enabled":true,"_links":{"self":[{"href":"https:\/\/occ.multi-project.de\/index.php?rest_route=\/wp\/v2\/pages\/171","targetHints":{"allow":["GET"]}}],"collection":[{"href":"https:\/\/occ.multi-project.de\/index.php?rest_route=\/wp\/v2\/pages"}],"about":[{"href":"https:\/\/occ.multi-project.de\/index.php?rest_route=\/wp\/v2\/types\/page"}],"author":[{"embeddable":true,"href":"https:\/\/occ.multi-project.de\/index.php?rest_route=\/wp\/v2\/users\/1"}],"replies":[{"embeddable":true,"href":"https:\/\/occ.multi-project.de\/index.php?rest_route=%2Fwp%2Fv2%2Fcomments&post=171"}],"version-history":[{"count":19,"href":"https:\/\/occ.multi-project.de\/index.php?rest_route=\/wp\/v2\/pages\/171\/revisions"}],"predecessor-version":[{"id":254,"href":"https:\/\/occ.multi-project.de\/index.php?rest_route=\/wp\/v2\/pages\/171\/revisions\/254"}],"up":[{"embeddable":true,"href":"https:\/\/occ.multi-project.de\/index.php?rest_route=\/wp\/v2\/pages\/80"}],"wp:attachment":[{"href":"https:\/\/occ.multi-project.de\/index.php?rest_route=%2Fwp%2Fv2%2Fmedia&parent=171"}],"curies":[{"name":"wp","href":"https:\/\/api.w.org\/{rel}","templated":true}]}}