{"id":129,"date":"2012-07-17T18:01:46","date_gmt":"2012-07-17T16:01:46","guid":{"rendered":"http:\/\/occ.multi-project.de\/?page_id=129"},"modified":"2012-08-15T00:18:14","modified_gmt":"2012-08-14T22:18:14","slug":"kollegiales-coaching","status":"publish","type":"page","link":"https:\/\/occ.multi-project.de\/?page_id=129","title":{"rendered":"Kollegiales Coaching"},"content":{"rendered":"<p>Kollegiales Coaching ist eine effektive Coachingform in Gruppen, bei der sich die Teilnehmer wechselseitig zu schwierigen F\u00e4llen ihres Berufsalltags beraten, um L\u00f6sungen f\u00fcr problematische Situationen mit Mitarbeitern oder Kunden zu entwerfen. Auf diese Weise lernen sie, berufliche Probleme besser zu bew\u00e4ltigen, Kooperations- und F\u00fchrungsverhalten zu entwickeln, fundierter Entscheidungen zu treffen, Belastungen zu vermindern und erfolgreicher zu handeln.<\/p>\n<p>Die Methode des Kollegialen Coaching erm\u00f6glicht, konkrete Probleme und Praxisf\u00e4lle mit Hilfe der anderen Gruppenmitglieder systematisch zu reflektieren und L\u00f6sungsoptionen f\u00fcr den Berufsalltag zu entwickeln. Als Baustein in der Personalentwicklung tr\u00e4gt sie zur Qualifizierung von F\u00fchrungskr\u00e4ften, Projektleitern und Managern bei.<\/p>\n<p>F\u00fchrungskr\u00e4fte und Projektleiter haben in der Ausgestaltung ihrer F\u00fchrungsrolle stets neue und wechselnde Situationen zu bew\u00e4ltigen, die von widerspr\u00fcchlichen Anforderungen gekennzeichnet sind. Von ihnen wird erwartet, da\u00df sie diese Anforderungen erfolgreich meistern. Dabei erleben sie immer wieder Situationen, die viele Fragen aufwerfen und wenige Antworten lassen.<\/p>\n<p>Kollegiales Coaching kann \u00fcberall dort als unterst\u00fctzender Entwicklungsbaustein zum Einsatz kommen, wo Kommunikation und Kooperation mit Mitarbeitern oder Kunden zu den professionellen Aufgaben der Teilnehmer geh\u00f6ren.<\/p>\n<p>&nbsp;<\/p>\n<p><span style=\"color: #8b0000;\">Bitte sprechen Sie mich gerne an, wenn Sie N\u00e4heres zur Methode selbst oder deren Einf\u00fchrung in Ihrem Unternehmen erfahren m\u00f6chten. Gerne unterst\u00fctze ich Sie bei der praktischen Umsetzung.<br \/>\n<\/span><\/p>\n","protected":false},"excerpt":{"rendered":"<p>Kollegiales Coaching ist eine effektive Coachingform in Gruppen, bei der sich die Teilnehmer wechselseitig zu schwierigen F\u00e4llen ihres Berufsalltags beraten, um L\u00f6sungen f\u00fcr problematische Situationen mit Mitarbeitern oder Kunden zu entwerfen. Auf diese Weise lernen sie, berufliche Probleme besser zu &hellip; <a href=\"https:\/\/occ.multi-project.de\/?page_id=129\">Weiterlesen <span class=\"meta-nav\">&rarr;<\/span><\/a><\/p>\n","protected":false},"author":1,"featured_media":0,"parent":28,"menu_order":2,"comment_status":"closed","ping_status":"open","template":"","meta":{"footnotes":""},"class_list":["post-129","page","type-page","status-publish","hentry"],"jetpack_sharing_enabled":true,"_links":{"self":[{"href":"https:\/\/occ.multi-project.de\/index.php?rest_route=\/wp\/v2\/pages\/129","targetHints":{"allow":["GET"]}}],"collection":[{"href":"https:\/\/occ.multi-project.de\/index.php?rest_route=\/wp\/v2\/pages"}],"about":[{"href":"https:\/\/occ.multi-project.de\/index.php?rest_route=\/wp\/v2\/types\/page"}],"author":[{"embeddable":true,"href":"https:\/\/occ.multi-project.de\/index.php?rest_route=\/wp\/v2\/users\/1"}],"replies":[{"embeddable":true,"href":"https:\/\/occ.multi-project.de\/index.php?rest_route=%2Fwp%2Fv2%2Fcomments&post=129"}],"version-history":[{"count":18,"href":"https:\/\/occ.multi-project.de\/index.php?rest_route=\/wp\/v2\/pages\/129\/revisions"}],"predecessor-version":[{"id":133,"href":"https:\/\/occ.multi-project.de\/index.php?rest_route=\/wp\/v2\/pages\/129\/revisions\/133"}],"up":[{"embeddable":true,"href":"https:\/\/occ.multi-project.de\/index.php?rest_route=\/wp\/v2\/pages\/28"}],"wp:attachment":[{"href":"https:\/\/occ.multi-project.de\/index.php?rest_route=%2Fwp%2Fv2%2Fmedia&parent=129"}],"curies":[{"name":"wp","href":"https:\/\/api.w.org\/{rel}","templated":true}]}}